{"id":384,"date":"2024-08-13T22:29:08","date_gmt":"2024-08-13T20:29:08","guid":{"rendered":"https:\/\/bcgm34.fr\/?page_id=384"},"modified":"2025-07-30T23:58:50","modified_gmt":"2025-07-30T21:58:50","slug":"accueil","status":"publish","type":"page","link":"https:\/\/bcgm34.fr\/","title":{"rendered":"Accueil"},"content":{"rendered":"\nBienvenue au Badminton Club de La Grande Motte !\n<br> <br>\nLe <b>BCGM<\/b> est un club convivial et dynamique, o\u00f9 se m\u00ealent <b>plaisir du jeu<\/b> et <b>esprit de comp\u00e9tition<\/b>. \n<br>Nous accueillons les joueurs de tous niveaux, en loisir comme en comp\u00e9tition, avec <b>deux \u00e9quipes engag\u00e9es en interclubs Codep34 (D1 &#038; D4)<\/b>, ainsi qu\u2019une <b>\u00e9quipe jeunes<\/b>.\n<br><br>\nNos entra\u00eenements ont lieu dans un cadre id\u00e9al : le <b>Palais des Sports<\/b>, \u00e9quip\u00e9 de <b>7 terrains en parquet<\/b>, o\u00f9 nous proposons :\n<br>\n<b>\u2022\t3 cr\u00e9neaux de jeu libre pour les adultes<\/b>,<br>\n<b>\u2022\t1 cr\u00e9neau d&rsquo;entra\u00eenement pour les jeunes<\/b>, encadr\u00e9 par une <b>professeure dipl\u00f4m\u00e9e d\u2019\u00c9tat<\/b>.<br>\nNotre club est <b>labellis\u00e9 2 \u00e9toiles<\/b> par la F\u00e9d\u00e9ration Fran\u00e7aise de Badminton (FFBad), gage de la qualit\u00e9 de notre encadrement et de notre engagement.\n<br><br>\n<b>\ud83d\udd0e D\u00e9couvrez nos cr\u00e9neaux de jeu<\/b> <a href=\"https:\/\/bcgm34.fr\/index.php\/horaires\/\">ici<\/a><br>\n\ud83c\udf89 Que vous soyez d\u00e9butant ou joueur confirm\u00e9, venez partager de bons moments sur les terrains !<br><br>\n\n<b>\ud83d\udcc5 Reprise de la saison 2025-2026 : lundi 8 septembre 2025<\/b><br>\n<b>\ud83d\udc49 3 s\u00e9ances d\u2019essai gratuites<\/b>, raquettes pr\u00eat\u00e9es.<br><br>\n<b>\ud83c\udff8 Notez la date !<\/b><br>\n\nNotre tournoi annuel Volants des Pyramides se tiendra les <b>13 &#038; 14 d\u00e9cembre 2025<\/b> au Palais des Sports. <br><br>\n\n\ud83d\udcf2 Suivez toute notre actualit\u00e9 sur <b>Facebook<\/b> : <a href=\"https:\/\/www.facebook.com\/BCGM34\/?locale=fr_FR\" target=\"_blank\" rel=\"noopener\">BCGM<\/a>\n\n<br>\n<div  id=\"wpsr-fb-feed-680\" class=\"wpsr-fb-feed-wrapper wpsr-feed-wrap wpsr_content wpsr-fb-feed-template1 wpsr-fb-timeline_feed   wpsr-fb-feed-template-680  wpsr-has-equal-height \"   data-column=\"4\"><div class=\"wpsr-loader\">\n        <div class=\"wpsr-spinner-animation\"><\/div>\n    <\/div><div class=\"wpsr-container\">\n<div class=\"wpsr-fb-feed-wrapper-inner\"><div class=\"wpsr-row wpsr-fb-all-feed wpsr_feeds wpsr-column-gap-default\"><div class=\"wpsr-mb-30 wpsr-col-4 wpsr-col-sm-4 wpsr-col-xs-12\">\n            <div role=\"group\" class=\"wpsr-fb-feed-item wpsr-fb-post \" data-post_id=\"735400579855834_1407312584730920\" \n            data-user_name=\"735400579855834\"\n            data-image_size=\"full\">\n\n                                <div class=\"wpsr-fb-feed-inner\">\n                    <div class=\"wpsr-fb-feed-author\">\n                    <div class=\"wpsr-fb-feed-author-avatar\">\n            <a class=\"wpsr-fb-feed-author-avatar-url\" target=\"_blank\" href=\"https:\/\/www.facebook.com\/735400579855834\" rel=\"nofollow noopener\">\n                <img loading=\"lazy\" decoding=\"async\" class=\"wpsr-fb-feed-author-img\" src=\"https:\/\/scontent-bru2-1.xx.fbcdn.net\/v\/t39.30808-1\/456602906_1068485538613628_8419189852995571339_n.jpg?stp=cp0_dst-jpg_s50x50_tt6&#038;_nc_cat=105&#038;ccb=1-7&#038;_nc_sid=f907e8&#038;_nc_ohc=zYy1sLAFWIwQ7kNvwHPrOrb&#038;_nc_oc=AdnqyyBTH39muUJ_dqTjcTeych7e0gLpHJfp-A9kNPSWAw30bIZPlYhzPY997omqqJY&#038;_nc_zt=24&#038;_nc_ht=scontent-bru2-1.xx&#038;edm=AKIiGfEEAAAA&#038;_nc_gid=X1r4zaqcuaWmSI4bzcOtAw&#038;_nc_tpa=Q5bMBQFNrr1bpLqT3ngFVGssv6O15qfhEYhCa6O3YbRqcjS9F0qwk_0mO-V9VGuCIrjPPzCawZwqerx2&#038;oh=00_AfeiJ7z5veFPJQ9Ek1Fwrlfmlqycye8D3wF6o7CKfSYGKw&#038;oe=6907CC76\" alt=\"BCGM - Badminton Club la Grande-Motte\" width=\"40\" height=\"40\">\n            <\/a>\n        <\/div>\n        \n        <div class=\"wpsr-fb-feed-author-info\">\n                        <a target=\"_blank\" rel=\"nofollow\" href=\"https:\/\/www.facebook.com\/735400579855834\" class=\"wpsr-fb-feed-author-name\">\n                <span class=\"wpsr-fb-feed-author-name-render\">BCGM - Badminton Club la Grande-Motte\ufe0f<\/span>\n            <\/a>\n            \n            \n            <span class=\"wpsr-fb-feed-time\">\n  il y a 8 mois<\/span>        <\/div>\n                <a target=\"_blank\" href=\"https:\/\/www.facebook.com\/1087219363406912\/posts\/1407312584730920\" class=\"wpsr-fb-feed-platform\">\n            <i class=\"icon-facebook-square\"><\/i>\n        <\/a>\n            <\/div><p class=\"wpsr-fb-feed-content wpsr_add_read_more wpsr_show_less_content\" data-num-words-trim=\"15\">C\u2019est la rentr\u00e9e du BCGM ! \ud83c\udff8\nLe Badminton Club La Grande Motte reprend ses activit\u00e9s \ud83d\udc49 Venez nous rencontrer au Boulevard des Associations ce dimanche 7 septembre !\nNous serons pr\u00e9sents toute la journ\u00e9e pour vous informer, r\u00e9pondre \u00e0 vos questions et vous faire d\u00e9couvrir notre club.\n\ud83d\udcc5 La reprise sur les terrains est pr\u00e9vue le lundi 8 septembre. On vous attend nombreux pour une saison pleine de sport, de convivialit\u00e9 et de bonne humeur !<\/p>\n<div class=\"wpsr-fb-feed-playmode wpsr-fb-feed-content-wrapper\"\n    data-post_id=\"735400579855834_1407312584730920\"\n    data-user_name=\"735400579855834\"\n    data-image_size=\"full\"\n    data-feed_type=\"timeline_feed\"\n    data-index=\"0\"\n    data-playmode=\"facebook\"\n    data-template-id=\"680\"\n    data-optimized_images=\"false\"\n    data-has_gdpr=\"false\">\n    <div class=\"wpsr-fb-feed-image \">\n    \n    \n    <\/div>\n                    <\/div> <!-- End of the wrapper div for the Facebook timeline feed media content -->\n                                    <\/div>\n                \n            <\/div>\n                <\/div>\n                <div class=\"wpsr-mb-30 wpsr-col-4 wpsr-col-sm-4 wpsr-col-xs-12\">\n            <div role=\"group\" class=\"wpsr-fb-feed-item wpsr-fb-post \" data-post_id=\"735400579855834_1365202705608575\" \n            data-user_name=\"735400579855834\"\n            data-image_size=\"full\">\n\n                                <div class=\"wpsr-fb-feed-inner\">\n                    <div class=\"wpsr-fb-feed-author\">\n                    <div class=\"wpsr-fb-feed-author-avatar\">\n            <a class=\"wpsr-fb-feed-author-avatar-url\" target=\"_blank\" href=\"https:\/\/www.facebook.com\/735400579855834\" rel=\"nofollow noopener\">\n                <img loading=\"lazy\" decoding=\"async\" class=\"wpsr-fb-feed-author-img\" src=\"https:\/\/scontent-bru2-1.xx.fbcdn.net\/v\/t39.30808-1\/456602906_1068485538613628_8419189852995571339_n.jpg?stp=cp0_dst-jpg_s50x50_tt6&#038;_nc_cat=105&#038;ccb=1-7&#038;_nc_sid=f907e8&#038;_nc_ohc=zYy1sLAFWIwQ7kNvwHPrOrb&#038;_nc_oc=AdnqyyBTH39muUJ_dqTjcTeych7e0gLpHJfp-A9kNPSWAw30bIZPlYhzPY997omqqJY&#038;_nc_zt=24&#038;_nc_ht=scontent-bru2-1.xx&#038;edm=AKIiGfEEAAAA&#038;_nc_gid=X1r4zaqcuaWmSI4bzcOtAw&#038;_nc_tpa=Q5bMBQFNrr1bpLqT3ngFVGssv6O15qfhEYhCa6O3YbRqcjS9F0qwk_0mO-V9VGuCIrjPPzCawZwqerx2&#038;oh=00_AfeiJ7z5veFPJQ9Ek1Fwrlfmlqycye8D3wF6o7CKfSYGKw&#038;oe=6907CC76\" alt=\"BCGM - Badminton Club la Grande-Motte\" width=\"40\" height=\"40\">\n            <\/a>\n        <\/div>\n        \n        <div class=\"wpsr-fb-feed-author-info\">\n                        <a target=\"_blank\" rel=\"nofollow\" href=\"https:\/\/www.facebook.com\/735400579855834\" class=\"wpsr-fb-feed-author-name\">\n                <span class=\"wpsr-fb-feed-author-name-render\">BCGM - Badminton Club la Grande-Motte\ufe0f<\/span>\n            <\/a>\n            \n            \n            <span class=\"wpsr-fb-feed-time\">\n  il y a 9 mois<\/span>        <\/div>\n                <a target=\"_blank\" href=\"https:\/\/www.facebook.com\/1087219363406912\/posts\/1365202705608575\" class=\"wpsr-fb-feed-platform\">\n            <i class=\"icon-facebook-square\"><\/i>\n        <\/a>\n            <\/div><p class=\"wpsr-fb-feed-content wpsr_add_read_more wpsr_show_less_content\" data-num-words-trim=\"15\">Le d\u00e9but de l\u2019\u00e9t\u00e9 a marqu\u00e9 la fin de la saison\u2026\nNous avons c\u00e9l\u00e9br\u00e9 cela comme il se doit autour de notre traditionnel ap\u00e9ro plage ! \nApr\u00e8s la treve estivale, nous nous retrouverons le lundi 8 septembre pour la reprise.\nBel \u00e9t\u00e9 \u2600\ufe0f\nEt \u00e0 bient\u00f4t sur les terrains ! \ud83c\udff8<\/p>\n<div class=\"wpsr-fb-feed-playmode wpsr-fb-feed-content-wrapper\"\n    data-post_id=\"735400579855834_1365202705608575\"\n    data-user_name=\"735400579855834\"\n    data-image_size=\"full\"\n    data-feed_type=\"timeline_feed\"\n    data-index=\"1\"\n    data-playmode=\"facebook\"\n    data-template-id=\"680\"\n    data-optimized_images=\"false\"\n    data-has_gdpr=\"false\">\n    <div class=\"wpsr-fb-feed-image \">\n        <a class=\"wpsr-feed-link\" target=\"_blank\" rel=\"nofollow\" href=\"https:\/\/www.facebook.com\/1087219363406912\/posts\/1365202705608575\">\n         \n          <span class=\"wpsr-fb-media-placeholder-icon\">\n                            <i class=\"icon-picture-o\"><\/i>Photo                                      <\/span>\n                    <\/a>\n    \n    \n    <\/div>\n                    <\/div> <!-- End of the wrapper div for the Facebook timeline feed media content -->\n                                    <\/div>\n                \n            <\/div>\n                <\/div>\n                <div class=\"wpsr-mb-30 wpsr-col-4 wpsr-col-sm-4 wpsr-col-xs-12\">\n            <div role=\"group\" class=\"wpsr-fb-feed-item wpsr-fb-post \" data-post_id=\"735400579855834_1287718243357022\" \n            data-user_name=\"735400579855834\"\n            data-image_size=\"full\">\n\n                                <div class=\"wpsr-fb-feed-inner\">\n                    <div class=\"wpsr-fb-feed-author\">\n                    <div class=\"wpsr-fb-feed-author-avatar\">\n            <a class=\"wpsr-fb-feed-author-avatar-url\" target=\"_blank\" href=\"https:\/\/www.facebook.com\/735400579855834\" rel=\"nofollow noopener\">\n                <img loading=\"lazy\" decoding=\"async\" class=\"wpsr-fb-feed-author-img\" src=\"https:\/\/scontent-bru2-1.xx.fbcdn.net\/v\/t39.30808-1\/456602906_1068485538613628_8419189852995571339_n.jpg?stp=cp0_dst-jpg_s50x50_tt6&#038;_nc_cat=105&#038;ccb=1-7&#038;_nc_sid=f907e8&#038;_nc_ohc=zYy1sLAFWIwQ7kNvwHPrOrb&#038;_nc_oc=AdnqyyBTH39muUJ_dqTjcTeych7e0gLpHJfp-A9kNPSWAw30bIZPlYhzPY997omqqJY&#038;_nc_zt=24&#038;_nc_ht=scontent-bru2-1.xx&#038;edm=AKIiGfEEAAAA&#038;_nc_gid=X1r4zaqcuaWmSI4bzcOtAw&#038;_nc_tpa=Q5bMBQFNrr1bpLqT3ngFVGssv6O15qfhEYhCa6O3YbRqcjS9F0qwk_0mO-V9VGuCIrjPPzCawZwqerx2&#038;oh=00_AfeiJ7z5veFPJQ9Ek1Fwrlfmlqycye8D3wF6o7CKfSYGKw&#038;oe=6907CC76\" alt=\"BCGM - Badminton Club la Grande-Motte\" width=\"40\" height=\"40\">\n            <\/a>\n        <\/div>\n        \n        <div class=\"wpsr-fb-feed-author-info\">\n                        <a target=\"_blank\" rel=\"nofollow\" href=\"https:\/\/www.facebook.com\/735400579855834\" class=\"wpsr-fb-feed-author-name\">\n                <span class=\"wpsr-fb-feed-author-name-render\">BCGM - Badminton Club la Grande-Motte\ufe0f<\/span>\n            <\/a>\n            \n            \n            <span class=\"wpsr-fb-feed-time\">\n  il y a 12 mois<\/span>        <\/div>\n                <a target=\"_blank\" href=\"https:\/\/www.facebook.com\/1087219363406912\/posts\/1287718243357022\" class=\"wpsr-fb-feed-platform\">\n            <i class=\"icon-facebook-square\"><\/i>\n        <\/a>\n            <\/div><p class=\"wpsr-fb-feed-content wpsr_add_read_more wpsr_show_less_content\" data-num-words-trim=\"15\">Les news de la semaine derni\u00e8re \ud83c\udff8\nL'\u00e9quipe de la D2 remporte sa rencontre face \u00e0 l'\u00e9quipe de M\u00e8ze et se qualifie pour les playoff.\nMalgr\u00e9 sa d\u00e9faite (3\/4) face Badminton Club Lunellois , la D4 s'est qualifi\u00e9 pour les playoff \u00e9galement \ud83d\udcaa.\nUn grand bravo \u00e0 Corentin qui est arriv\u00e9 finaliste au tournoi de M\u00e8ze dans la cat\u00e9gorie simple homme s\u00e9rie 3. \nF\u00e9licitations \u00e0 Nathalie pour sa victoire en double dame s\u00e9rie 2 et \u00e0 Matthieu et Nathalie pour leur victoire en double mixte s\u00e9rie 4. \nBonne semaine \u00e0 tout le monde \ud83d\udcaa\ud83c\udff8<\/p>\n<div class=\"wpsr-fb-feed-playmode wpsr-fb-feed-content-wrapper\"\n    data-post_id=\"735400579855834_1287718243357022\"\n    data-user_name=\"735400579855834\"\n    data-image_size=\"full\"\n    data-feed_type=\"timeline_feed\"\n    data-index=\"2\"\n    data-playmode=\"facebook\"\n    data-template-id=\"680\"\n    data-optimized_images=\"false\"\n    data-has_gdpr=\"false\">\n    <div class=\"wpsr-fb-feed-image \">\n        <a class=\"wpsr-feed-link\" target=\"_blank\" rel=\"nofollow\" href=\"https:\/\/www.facebook.com\/1087219363406912\/posts\/1287718243357022\">\n         \n          <span class=\"wpsr-fb-media-placeholder-icon\">\n                            <i class=\"icon-picture-o\"><\/i>Photo                                      <\/span>\n                    <\/a>\n    \n    \n    <\/div>\n                    <\/div> <!-- End of the wrapper div for the Facebook timeline feed media content -->\n                                    <\/div>\n                \n            <\/div>\n                <\/div>\n                <div class=\"wpsr-mb-30 wpsr-col-4 wpsr-col-sm-4 wpsr-col-xs-12\">\n            <div role=\"group\" class=\"wpsr-fb-feed-item wpsr-fb-post \" data-post_id=\"735400579855834_1229453449183502\" \n            data-user_name=\"735400579855834\"\n            data-image_size=\"full\">\n\n                                <div class=\"wpsr-fb-feed-inner\">\n                    <div class=\"wpsr-fb-feed-author\">\n                    <div class=\"wpsr-fb-feed-author-avatar\">\n            <a class=\"wpsr-fb-feed-author-avatar-url\" target=\"_blank\" href=\"https:\/\/www.facebook.com\/735400579855834\" rel=\"nofollow noopener\">\n                <img loading=\"lazy\" decoding=\"async\" class=\"wpsr-fb-feed-author-img\" src=\"https:\/\/scontent-bru2-1.xx.fbcdn.net\/v\/t39.30808-1\/456602906_1068485538613628_8419189852995571339_n.jpg?stp=cp0_dst-jpg_s50x50_tt6&#038;_nc_cat=105&#038;ccb=1-7&#038;_nc_sid=f907e8&#038;_nc_ohc=zYy1sLAFWIwQ7kNvwHPrOrb&#038;_nc_oc=AdnqyyBTH39muUJ_dqTjcTeych7e0gLpHJfp-A9kNPSWAw30bIZPlYhzPY997omqqJY&#038;_nc_zt=24&#038;_nc_ht=scontent-bru2-1.xx&#038;edm=AKIiGfEEAAAA&#038;_nc_gid=X1r4zaqcuaWmSI4bzcOtAw&#038;_nc_tpa=Q5bMBQFNrr1bpLqT3ngFVGssv6O15qfhEYhCa6O3YbRqcjS9F0qwk_0mO-V9VGuCIrjPPzCawZwqerx2&#038;oh=00_AfeiJ7z5veFPJQ9Ek1Fwrlfmlqycye8D3wF6o7CKfSYGKw&#038;oe=6907CC76\" alt=\"BCGM - Badminton Club la Grande-Motte\" width=\"40\" height=\"40\">\n            <\/a>\n        <\/div>\n        \n        <div class=\"wpsr-fb-feed-author-info\">\n                        <a target=\"_blank\" rel=\"nofollow\" href=\"https:\/\/www.facebook.com\/735400579855834\" class=\"wpsr-fb-feed-author-name\">\n                <span class=\"wpsr-fb-feed-author-name-render\">BCGM - Badminton Club la Grande-Motte\ufe0f<\/span>\n            <\/a>\n            \n            \n            <span class=\"wpsr-fb-feed-time\">\n  il y a 1 an<\/span>        <\/div>\n                <a target=\"_blank\" href=\"https:\/\/www.facebook.com\/1087219363406912\/posts\/1229453449183502\" class=\"wpsr-fb-feed-platform\">\n            <i class=\"icon-facebook-square\"><\/i>\n        <\/a>\n            <\/div><p class=\"wpsr-fb-feed-content wpsr_add_read_more wpsr_show_less_content\" data-num-words-trim=\"15\">La D4 est revenue victorieuse apr\u00e8s sa victoire \u00e0 l\u2019ext\u00e9rieur \u00e0 ASDAS. Matchs serr\u00e9s qui se soldent par un 4 \u00e0 3. \ud83d\udcaa<\/p>\n<div class=\"wpsr-fb-feed-playmode wpsr-fb-feed-content-wrapper\"\n    data-post_id=\"735400579855834_1229453449183502\"\n    data-user_name=\"735400579855834\"\n    data-image_size=\"full\"\n    data-feed_type=\"timeline_feed\"\n    data-index=\"3\"\n    data-playmode=\"facebook\"\n    data-template-id=\"680\"\n    data-optimized_images=\"false\"\n    data-has_gdpr=\"false\">\n    <div class=\"wpsr-fb-feed-image \">\n        <a class=\"wpsr-feed-link\" target=\"_blank\" rel=\"nofollow\" href=\"https:\/\/www.facebook.com\/1087219363406912\/posts\/1229453449183502\">\n         \n          <span class=\"wpsr-fb-media-placeholder-icon\">\n                            <i class=\"icon-picture-o\"><\/i>Photo                                      <\/span>\n                    <\/a>\n    \n    \n    <\/div>\n                    <\/div> <!-- End of the wrapper div for the Facebook timeline feed media content -->\n                                    <\/div>\n                \n            <\/div>\n                <\/div>\n                <\/div><div class=\"wpsr-fb-feed-footer wpsr-fb-feed-follow-button-group wpsr-row \"><\/div><\/div><\/div><\/div>\n\n\n\n<figure class=\"wp-block-image aligncenter size-large is-resized\"><img loading=\"lazy\" decoding=\"async\" width=\"1024\" height=\"573\" src=\"https:\/\/bcgm34.fr\/wp-content\/uploads\/2024\/05\/bcgm3jpg-1024x573.jpg\" alt=\"\" class=\"wp-image-33\" style=\"width:1339px;height:auto\" srcset=\"https:\/\/bcgm34.fr\/wp-content\/uploads\/2024\/05\/bcgm3jpg-1024x573.jpg 1024w, https:\/\/bcgm34.fr\/wp-content\/uploads\/2024\/05\/bcgm3jpg-300x168.jpg 300w, https:\/\/bcgm34.fr\/wp-content\/uploads\/2024\/05\/bcgm3jpg-768x430.jpg 768w, https:\/\/bcgm34.fr\/wp-content\/uploads\/2024\/05\/bcgm3jpg-1536x860.jpg 1536w, https:\/\/bcgm34.fr\/wp-content\/uploads\/2024\/05\/bcgm3jpg.jpg 2000w\" sizes=\"auto, (max-width: 1024px) 100vw, 1024px\" \/><\/figure>\n","protected":false},"excerpt":{"rendered":"<p>Bienvenue au Badminton Club de La Grande Motte ! Le BCGM est un club convivial et dynamique, o\u00f9 se m\u00ealent [&hellip;]<\/p>\n","protected":false},"author":1,"featured_media":0,"parent":0,"menu_order":0,"comment_status":"closed","ping_status":"closed","template":"","meta":{"site-sidebar-layout":"default","site-content-layout":"","ast-site-content-layout":"default","site-content-style":"default","site-sidebar-style":"default","ast-global-header-display":"","ast-banner-title-visibility":"","ast-main-header-display":"","ast-hfb-above-header-display":"","ast-hfb-below-header-display":"","ast-hfb-mobile-header-display":"","site-post-title":"","ast-breadcrumbs-content":"","ast-featured-img":"","footer-sml-layout":"","theme-transparent-header-meta":"","adv-header-id-meta":"","stick-header-meta":"","header-above-stick-meta":"","header-main-stick-meta":"","header-below-stick-meta":"","astra-migrate-meta-layouts":"default","ast-page-background-enabled":"default","ast-page-background-meta":{"desktop":{"background-color":"var(--ast-global-color-4)","background-image":"","background-repeat":"repeat","background-position":"center center","background-size":"auto","background-attachment":"scroll","background-type":"","background-media":"","overlay-type":"","overlay-color":"","overlay-opacity":"","overlay-gradient":""},"tablet":{"background-color":"","background-image":"","background-repeat":"repeat","background-position":"center center","background-size":"auto","background-attachment":"scroll","background-type":"","background-media":"","overlay-type":"","overlay-color":"","overlay-opacity":"","overlay-gradient":""},"mobile":{"background-color":"","background-image":"","background-repeat":"repeat","background-position":"center center","background-size":"auto","background-attachment":"scroll","background-type":"","background-media":"","overlay-type":"","overlay-color":"","overlay-opacity":"","overlay-gradient":""}},"ast-content-background-meta":{"desktop":{"background-color":"var(--ast-global-color-5)","background-image":"","background-repeat":"repeat","background-position":"center center","background-size":"auto","background-attachment":"scroll","background-type":"","background-media":"","overlay-type":"","overlay-color":"","overlay-opacity":"","overlay-gradient":""},"tablet":{"background-color":"var(--ast-global-color-5)","background-image":"","background-repeat":"repeat","background-position":"center center","background-size":"auto","background-attachment":"scroll","background-type":"","background-media":"","overlay-type":"","overlay-color":"","overlay-opacity":"","overlay-gradient":""},"mobile":{"background-color":"var(--ast-global-color-5)","background-image":"","background-repeat":"repeat","background-position":"center center","background-size":"auto","background-attachment":"scroll","background-type":"","background-media":"","overlay-type":"","overlay-color":"","overlay-opacity":"","overlay-gradient":""}},"footnotes":""},"class_list":["post-384","page","type-page","status-publish","hentry"],"_links":{"self":[{"href":"https:\/\/bcgm34.fr\/index.php\/wp-json\/wp\/v2\/pages\/384","targetHints":{"allow":["GET"]}}],"collection":[{"href":"https:\/\/bcgm34.fr\/index.php\/wp-json\/wp\/v2\/pages"}],"about":[{"href":"https:\/\/bcgm34.fr\/index.php\/wp-json\/wp\/v2\/types\/page"}],"author":[{"embeddable":true,"href":"https:\/\/bcgm34.fr\/index.php\/wp-json\/wp\/v2\/users\/1"}],"replies":[{"embeddable":true,"href":"https:\/\/bcgm34.fr\/index.php\/wp-json\/wp\/v2\/comments?post=384"}],"version-history":[{"count":52,"href":"https:\/\/bcgm34.fr\/index.php\/wp-json\/wp\/v2\/pages\/384\/revisions"}],"predecessor-version":[{"id":837,"href":"https:\/\/bcgm34.fr\/index.php\/wp-json\/wp\/v2\/pages\/384\/revisions\/837"}],"wp:attachment":[{"href":"https:\/\/bcgm34.fr\/index.php\/wp-json\/wp\/v2\/media?parent=384"}],"curies":[{"name":"wp","href":"https:\/\/api.w.org\/{rel}","templated":true}]}}