{"id":76,"date":"2024-06-15T15:28:20","date_gmt":"2024-06-15T13:28:20","guid":{"rendered":"https:\/\/bcgm34.fr\/?page_id=76"},"modified":"2025-09-03T02:14:13","modified_gmt":"2025-09-03T00:14:13","slug":"horaires","status":"publish","type":"page","link":"https:\/\/bcgm34.fr\/index.php\/horaires\/","title":{"rendered":"Horaires"},"content":{"rendered":"\n<div style=\"text-align: center;\">\n    <p style=\"display: inline-block; background-color: #FF00FF; border-radius: 10px; padding: 5px 10px; color: white; font-weight: bold; margin-top: 0;\">\n        Reprise de la saison le lundi 8 septembre 2025\n    <\/p>\n<\/div>\n\n\n<br>\n\n\n\n<p style=\"display: inline-block; background-color: #FF00FF; border-radius: 10px; padding: 5px 10px; color: white; font-weight: bold;\">\n   \ud83d\udcc5 CRENEAUX 2025-2026\n<\/p>\n<br>\n<span style=\"color: #FF00FF;\"><b>LUNDI<\/b><\/span>\n<br>\n<div style=\"display: inline-block; vertical-align: middle;\">\n    <span style=\"vertical-align: middle;\"><b>\u2022     18h00 \u2013 20h00 :<\/b> Entrainement encadr\u00e9 pour les <b>jeunes de moins de 16 ans<\/b><\/span>\n    <a href=\"https:\/\/www.ffbad.org\/viedesclubs-labels-ecoles-francaises-de-badminton\" target=\"_blank\" rel=\"noopener\">\n        <img decoding=\"async\" src=\"https:\/\/bcgm34.fr\/wp-content\/Documents%202025\/EFB.jpg\" alt=\"Image entrainement\" style=\"width:100px; height:auto; vertical-align: middle;\">\n<\/a>\n<\/div>\n<br>\n<b>\u2022     20h00 \u2013 23h00 : Jeu libre adultes<\/b>\n<br>\n<br>\n<span style=\"color: #FF00FF;\"><b>MERCREDI<\/b><\/span>\n<br>\n<b>\u2022\t19h00 \u2013 21h00 : Jeu libre adultes<\/b>\n<br>\n<br>\n<span style=\"color: #FF00FF;\"><b>JEUDI<\/b><\/span>\n<br>\n<b>\u2022\t18h30 \u2013 20h00 : Jeu libre adultes &#038; jeunes<\/b>\n<br>\n<br>\n\ud83d\udcda Pendant les vacances scolaires<br>\n&nbsp;&nbsp;&nbsp;&nbsp;&nbsp;&nbsp;<b>\u2022&nbsp;&nbsp;&nbsp;Pas d\u2019entra\u00eenement jeunes<\/b><br>\n&nbsp;&nbsp;&nbsp;&nbsp;&nbsp;&nbsp;\u2022&nbsp;&nbsp;&nbsp;Le gymnase reste <b>ouvert 1 semaine sur 2 pour le jeu libre<\/b><br>\n&nbsp;&nbsp;&nbsp;&nbsp;&nbsp;&nbsp;\u2022&nbsp;&nbsp;&nbsp;\ud83d\udcc6 Le <b>calendrier des ouvertures<\/b> pendant les vacances sera communiqu\u00e9 prochainement\n<br>\n<br>\n<br>\n\n\n\n<head>\n    <style>\n        \/* Ajustement de la mise en page pour les grands \u00e9crans *\/\n.container {\n    display: flex;\n    justify-content: flex-start; \/* Aligne les blocs au d\u00e9but *\/\n    align-items: flex-start; \/* Aligne les blocs verticalement en haut *\/\n    max-width: 1200px;\n    margin: 0 auto;\n    gap: \u00e0px;\n}\n\n.bloc-gauche, .bloc-droit {\n    width: 48%;\n}\n\n\/* Supprime la marge au-dessus du texte \ud83d\udccd Lieu des s\u00e9ances pour l'aligner *\/\n.bloc-gauche {\n    margin-top: 0; \/* Assure que le bloc \ud83d\udccd Lieu des s\u00e9ances soit align\u00e9 avec le texte au-dessus *\/\n}\n\n.bloc-droit iframe {\n    width: 100%;\n    height: 300px;\n}\n\n\/* Pour les petits \u00e9crans en mode portrait (smartphones) *\/\n@media only screen and (max-width: 767px) and (orientation: portrait) {\n    .container {\n        flex-direction: column;\n        align-items: center;\n    }\n\n    .bloc-gauche, .bloc-droit {\n        width: 100%;\n    }\n\n    .bloc-droit iframe {\n        height: 250px;\n    }\n}\n\n\n    <\/style>\n<\/head>\n<br>\n\n\n\n<div class=\"container\">\n    <!-- Bloc gauche avec le texte -->\n    <div class=\"bloc-gauche\" style=\"display: inline-block;\">\n        <!-- Bloc \ud83d\udccd Lieu des s\u00e9ances avec fond rose ajust\u00e9 \u00e0 la taille du texte -->\n        <div style=\"background-color: #FF00FF; border-radius: 10px; padding: 5px 10px; color: white; font-weight: bold; display: inline-block;\">\n            \ud83d\udccd Lieu des s\u00e9ances\n        <\/div>\n        <div style=\"margin-top: 10px;\">\n            <p style=\"margin: 0;\">\n                <b>Palais des sports<\/b><br>\n                  Avenue du bois Couchant<br>\n                34280 &#8211; La Grande-Motte<br>\n                \ud83d\udc49 Voir sur <a href=\"https:\/\/maps.app.goo.gl\/ho6VJEzGoNRnN5Kh8\">Google Maps<\/a>\n            <\/p>\n        <\/div>\n    <\/div>\n\n    <!-- Bloc droit avec la carte Google Maps -->\n    <div class=\"bloc-droit\">\n        <iframe src=\"https:\/\/www.google.com\/maps\/embed?pb=!1m18!1m12!1m3!1d2891.0505793566836!2d4.068195976527034!3d43.56382915820603!2m3!1f0!2f0!3f0!3m2!1i1024!2i768!4f13.1!3m3!1m2!1s0x12b6bd5516858889%3A0x791c25fecc9f8058!2sPalais%20Des%20Sports!5e0!3m2!1sfr!2sfr!4v1724600202055!5m2!1sfr!2sfr\" width=\"480\" height=\"300\" style=\"border:0;\" allowfullscreen=\"\" loading=\"lazy\" referrerpolicy=\"no-referrer-when-downgrade\"><\/iframe>\n    <\/div>\n<\/div>\n\n\n\n<div id=\"eo_fullcalendar_1_loading\" class=\"eo-fullcalendar-loading\" ><img decoding=\"async\" src=\"https:\/\/bcgm34.fr\/wp-content\/plugins\/event-organiser\/css\/images\/loading-image.gif\" class=\"eo-fullcalendar-loading-icon\" alt=\"Chargement&#8230;\" \/> Chargement&#8230;<\/div><div class=\"eo-fullcalendar eo-fullcalendar-shortcode eo-fullcalendar-reset eo-fullcalendar-responsive\" id=\"eo_fullcalendar_1\"><\/div>\n","protected":false},"excerpt":{"rendered":"<p>Reprise de la saison le lundi 8 septembre 2025 \ud83d\udcc5 CRENEAUX 2025-2026 LUNDI \u2022 18h00 \u2013 20h00 : Entrainement encadr\u00e9 [&hellip;]<\/p>\n","protected":false},"author":1,"featured_media":0,"parent":0,"menu_order":0,"comment_status":"closed","ping_status":"closed","template":"","meta":{"site-sidebar-layout":"default","site-content-layout":"","ast-site-content-layout":"default","site-content-style":"default","site-sidebar-style":"default","ast-global-header-display":"","ast-banner-title-visibility":"","ast-main-header-display":"","ast-hfb-above-header-display":"","ast-hfb-below-header-display":"","ast-hfb-mobile-header-display":"","site-post-title":"","ast-breadcrumbs-content":"","ast-featured-img":"","footer-sml-layout":"","theme-transparent-header-meta":"","adv-header-id-meta":"","stick-header-meta":"","header-above-stick-meta":"","header-main-stick-meta":"","header-below-stick-meta":"","astra-migrate-meta-layouts":"default","ast-page-background-enabled":"default","ast-page-background-meta":{"desktop":{"background-color":"var(--ast-global-color-4)","background-image":"","background-repeat":"repeat","background-position":"center center","background-size":"auto","background-attachment":"scroll","background-type":"","background-media":"","overlay-type":"","overlay-color":"","overlay-opacity":"","overlay-gradient":""},"tablet":{"background-color":"","background-image":"","background-repeat":"repeat","background-position":"center center","background-size":"auto","background-attachment":"scroll","background-type":"","background-media":"","overlay-type":"","overlay-color":"","overlay-opacity":"","overlay-gradient":""},"mobile":{"background-color":"","background-image":"","background-repeat":"repeat","background-position":"center center","background-size":"auto","background-attachment":"scroll","background-type":"","background-media":"","overlay-type":"","overlay-color":"","overlay-opacity":"","overlay-gradient":""}},"ast-content-background-meta":{"desktop":{"background-color":"var(--ast-global-color-5)","background-image":"","background-repeat":"repeat","background-position":"center center","background-size":"auto","background-attachment":"scroll","background-type":"","background-media":"","overlay-type":"","overlay-color":"","overlay-opacity":"","overlay-gradient":""},"tablet":{"background-color":"var(--ast-global-color-5)","background-image":"","background-repeat":"repeat","background-position":"center center","background-size":"auto","background-attachment":"scroll","background-type":"","background-media":"","overlay-type":"","overlay-color":"","overlay-opacity":"","overlay-gradient":""},"mobile":{"background-color":"var(--ast-global-color-5)","background-image":"","background-repeat":"repeat","background-position":"center center","background-size":"auto","background-attachment":"scroll","background-type":"","background-media":"","overlay-type":"","overlay-color":"","overlay-opacity":"","overlay-gradient":""}},"footnotes":""},"class_list":["post-76","page","type-page","status-publish","hentry"],"_links":{"self":[{"href":"https:\/\/bcgm34.fr\/index.php\/wp-json\/wp\/v2\/pages\/76","targetHints":{"allow":["GET"]}}],"collection":[{"href":"https:\/\/bcgm34.fr\/index.php\/wp-json\/wp\/v2\/pages"}],"about":[{"href":"https:\/\/bcgm34.fr\/index.php\/wp-json\/wp\/v2\/types\/page"}],"author":[{"embeddable":true,"href":"https:\/\/bcgm34.fr\/index.php\/wp-json\/wp\/v2\/users\/1"}],"replies":[{"embeddable":true,"href":"https:\/\/bcgm34.fr\/index.php\/wp-json\/wp\/v2\/comments?post=76"}],"version-history":[{"count":143,"href":"https:\/\/bcgm34.fr\/index.php\/wp-json\/wp\/v2\/pages\/76\/revisions"}],"predecessor-version":[{"id":853,"href":"https:\/\/bcgm34.fr\/index.php\/wp-json\/wp\/v2\/pages\/76\/revisions\/853"}],"wp:attachment":[{"href":"https:\/\/bcgm34.fr\/index.php\/wp-json\/wp\/v2\/media?parent=76"}],"curies":[{"name":"wp","href":"https:\/\/api.w.org\/{rel}","templated":true}]}}