{"id":80,"date":"2024-06-18T00:55:16","date_gmt":"2024-06-17T22:55:16","guid":{"rendered":"https:\/\/bcgm34.fr\/?page_id=80"},"modified":"2025-08-09T00:41:04","modified_gmt":"2025-08-08T22:41:04","slug":"interclubs","status":"publish","type":"page","link":"https:\/\/bcgm34.fr\/index.php\/interclubs\/","title":{"rendered":"Interclubs"},"content":{"rendered":"\n<div class=\"interclubs-container\">\n  <!-- Contenu HTML ici -->\n<\/div>\n\n<style>\n  \/* R\u00e8gle commune pour uniformiser la taille des images *\/\n  .interclubs-photo img {\n    width: 100%;\n    max-width: 500px; \/* Taille fixe pour uniformiser les images *\/\n    height: auto;\n    object-fit: cover; \/* Assure que l'image s'adapte sans distorsion *\/\n  }\n<\/style>\n\n\n\n<!-- HTML -->\n<div class=\"interclubs-container\">\n  <div class=\"interclubs-text\">\n    <p class=\"team-badge\">EQUIPE D1<\/p>\n    <p class=\"team-description\">\n      Apr\u00e8s une saison 2024-2025 remarquable en D2 et en terminant \u00e0 la 1\u00e8re place du classement, notre \u00e9quipe s\u2019\u00e9tait qualifi\u00e9e pour les play-offs. <br>Malgr\u00e9 une d\u00e9faite en play off, elle a obtenu une promotion en D1 pour la saison 2025-2026. Une belle r\u00e9compense pour leur engagement et leur esprit d\u2019\u00e9quipe !\n    <\/p>\n  <\/div>\n  <div class=\"interclubs-photo\">\n    <figure class=\"wp-block-image is-style-rounded\">\n      <img loading=\"lazy\" decoding=\"async\" width=\"567\" height=\"406\" src=\"https:\/\/bcgm34.fr\/wp-content\/uploads\/2024\/08\/Equipe-D3.jpg\" alt=\"\u00c9quipe D3\" class=\"wp-image-406\" srcset=\"https:\/\/bcgm34.fr\/wp-content\/uploads\/2024\/08\/Equipe-D3.jpg 567w, https:\/\/bcgm34.fr\/wp-content\/uploads\/2024\/08\/Equipe-D3-300x215.jpg 300w\" sizes=\"auto, (max-width: 567px) 100vw, 567px\" \/>\n    <\/figure>\n  <\/div>\n<\/div>\n\n<!-- CSS int\u00e9gr\u00e9 -->\n<style>\n  .interclubs-container {\n    display: flex;\n    align-items: center; \/* Centrer verticalement le texte *\/\n    justify-content: space-between; \/* Assure un espacement appropri\u00e9 *\/\n    margin-bottom: 20px;\n  }\n\n  .interclubs-text {\n    flex: 1;\n    text-align: left; \/* Texte align\u00e9 \u00e0 gauche par d\u00e9faut *\/\n    margin-right: 20px;\n  }\n\n  .team-badge {\n    display: inline-block;\n    background-color: #FF00FF;\n    border-radius: 10px;\n    padding: 5px 10px;\n    color: white;\n    font-weight: bold;\n    margin-bottom: 10px;\n    white-space: nowrap;\n    text-align: center; \/* Centrer le titre *\/\n    width: 100%;\n  }\n\n  .team-description {\n    margin: 0;\n  }\n\n  .interclubs-photo {\n    flex: 1;\n    display: flex;\n    justify-content: flex-start; \/* Aligne la photo \u00e0 gauche \u00e0 l'int\u00e9rieur de son conteneur *\/\n    max-width: 50%;\n  }\n\n  .is-style-rounded img {\n    border-radius: 50%;\n    width: 100%;\n    height: auto;\n  }\n\n  @media screen and (max-width: 1024px) {\n    .interclubs-container {\n      flex-direction: row; \/* Maintient le texte \u00e0 gauche et l'image \u00e0 droite sur tablette *\/\n      align-items: center; \/* Centre verticalement sur tablette *\/\n    }\n\n    .interclubs-photo {\n      max-width: 35%; \/* R\u00e9duit la largeur de l'image sur tablette pour \u00e9viter le passage sous le texte *\/\n      flex-basis: 35%; \/* R\u00e9duit la largeur de la photo pour tablette *\/\n    }\n  }\n\n  @media screen and (max-width: 768px) and (orientation: portrait) {\n    .interclubs-container {\n      flex-direction: column; \/* Affiche les \u00e9l\u00e9ments en colonne sur mobile portrait *\/\n      align-items: center; \/* Centre les \u00e9l\u00e9ments *\/\n      text-align: center; \/* Centre le texte *\/\n    }\n\n    .interclubs-text {\n      max-width: 90%; \/* Limite la largeur du texte sur mobile *\/\n      margin: 0 auto 20px; \/* Centre le texte horizontalement et ajoute de l'espacement en dessous du texte *\/\n    }\n\n    .interclubs-photo {\n      max-width: 90%; \/* S'assure que l'image ne d\u00e9passe pas de la largeur du conteneur *\/\n      display: flex; \/* Centre la photo *\/\n      justify-content: center;\n    }\n\n    .is-style-rounded img {\n      display: block; \/* Assure que l'image s'affiche en bloc *\/\n      margin: 0 auto; \/* Centre l'image sur mobile *\/\n      max-width: 100%; \/* S'assure que l'image ne d\u00e9passe pas de la largeur du conteneur *\/\n    }\n  }\n<\/style>\n<br>\n<br>\n\n\n\n<!-- Bloc sp\u00e9cifique pour l'\u00e9quipe D5 -->\n<div class=\"interclubs-container d5-container\">\n  <div class=\"interclubs-photo d5-photo\">\n    <figure class=\"wp-block-image is-style-rounded\">\n      <img decoding=\"async\" src=\"https:\/\/bcgm34.fr\/wp-content\/Documents%202025\/D4.jpg\" alt=\"\u00c9quipe D5\" class=\"wp-image-416\" \/>\n    <\/figure>\n  <\/div>\n  <div class=\"interclubs-text d5-text\">\n    <p class=\"team-badge\">EQUIPE D4<\/p>\n    <p class=\"team-description\">\n       Pr\u00e9sente en D4 lors de la saison 2024-2025, l\u2019\u00e9quipe a termin\u00e9 \u00e0 la 2\u1d49 place. <br>Cette saison, elle visera le maintien tout en continuant \u00e0 progresser et \u00e0 prendre du plaisir sur les terrains.\n    <\/p>\n  <\/div>\n<\/div>\n\n<style>\n\/* Styles pour le conteneur sp\u00e9cifique \u00e0 l'\u00e9quipe D5 *\/\n.d5-container {\n  display: flex;\n  align-items: center;\n  margin-bottom: 40px;\n  justify-content: center;\n  gap: 20px;\n}\n\n.d5-photo {\n  flex: 1;\n  text-align: center;\n  order: 1; \/* Garde l'image \u00e0 gauche sur PC *\/\n}\n\n.d5-text {\n  flex: 1;\n  text-align: left;\n  order: 2; \/* Garde le texte \u00e0 droite sur PC *\/\n}\n\n.d5-photo img {\n  border-radius: 50%;\n  width: 100%;\n  max-width: 500px; \/* Taille de l'image *\/\n  height: auto;\n}\n\n\/* Styles pour le badge de l'\u00e9quipe *\/\n.team-badge {\n  background-color: #FF00FF;\n  border-radius: 10px;\n  padding: 5px 10px;\n  color: white;\n  font-weight: bold;\n  white-space: nowrap;\n  display: inline-block;\n  margin-bottom: 15px;\n}\n\n\/* Description de l'\u00e9quipe *\/\n.team-description {\n  font-size: 16px;\n  line-height: 1.5;\n}\n\n\/* Styles sp\u00e9cifiques pour les vues mobiles et tablettes, appliqu\u00e9s uniquement au bloc D5 *\/\n@media (max-width: 1024px) {\n  .d5-container {\n    flex-direction: column; \/* Affiche le texte au-dessus de l'image *\/\n    align-items: center;\n    text-align: center;\n  }\n\n  .d5-text {\n    order: 1; \/* Passe le texte au-dessus de l'image sur tablette et mobile *\/\n    margin-bottom: 20px;\n    text-align: center; \/* Centre le texte horizontalement *\/\n  }\n\n  .d5-photo {\n    order: 2; \/* Passe l'image en dessous du texte sur tablette et mobile *\/\n  }\n\n  .d5-photo img {\n    max-width: 100%; \/* R\u00e9duire la taille de l'image sur mobile *\/\n  }\n}\n<\/style>\n<br>\n<br>\n\n\n\n<!-- Bloc sp\u00e9cifique pour l'\u00e9quipe JEUNES -->\n<div class=\"interclubs-container jeunes-container\">\n  <div class=\"interclubs-text jeunes-text\">\n    <p class=\"team-badge\">EQUIPE JEUNES<\/p>\n    <p class=\"team-description\">\n     Nos jeunes joueuses ont relev\u00e9 le d\u00e9fi des rencontres interd\u00e9partementales, en s\u2019associant avec des partenaires du club de Castelnau-le-Lez.<br>\nNous leur souhaitons de poursuivre cette belle aventure en 2025-2026\u2026 et pourquoi pas, si d\u2019autres jeunes les rejoignent, former une \u00e9quipe 100 % grand-mottoise !\n\n    <\/p>\n  <\/div>\n  <div class=\"interclubs-photo jeunes-photo\">\n    <figure class=\"wp-block-image is-style-rounded\">\n      <img loading=\"lazy\" decoding=\"async\" width=\"454\" height=\"340\" src=\"https:\/\/bcgm34.fr\/wp-content\/uploads\/2024\/08\/Equipe-jeunes.jpg\" alt=\"\u00c9quipe Jeunes\" class=\"wp-image-468\" srcset=\"https:\/\/bcgm34.fr\/wp-content\/uploads\/2024\/08\/Equipe-jeunes.jpg 454w, https:\/\/bcgm34.fr\/wp-content\/uploads\/2024\/08\/Equipe-jeunes-300x225.jpg 300w\" sizes=\"auto, (max-width: 454px) 100vw, 454px\" \/>\n    <\/figure>\n  <\/div>\n<\/div>\n\n<style>\n\/* Styles pour le conteneur sp\u00e9cifique \u00e0 l'\u00e9quipe JEUNES *\/\n.jeunes-container {\n  display: flex;\n  align-items: center;\n  margin-bottom: 40px;\n  justify-content: center;\n  gap: 20px;\n}\n\n.jeunes-text {\n  flex: 1;\n  text-align: left;\n  order: 1; \/* Garde le texte \u00e0 gauche sur PC *\/\n}\n\n.jeunes-photo {\n  flex: 1;\n  text-align: center;\n  order: 2; \/* Garde l'image \u00e0 droite sur PC *\/\n}\n\n.jeunes-photo img {\n  border-radius: 50%;\n  width: 100%;\n  max-width: 500px; \/* Taille de l'image *\/\n  height: auto;\n}\n\n\/* Styles pour le badge de l'\u00e9quipe *\/\n.team-badge {\n  background-color: #FF00FF;\n  border-radius: 10px;\n  padding: 5px 10px;\n  color: white;\n  font-weight: bold;\n  white-space: nowrap;\n  display: inline-block;\n  margin-bottom: 15px;\n}\n\n\/* Description de l'\u00e9quipe *\/\n.team-description {\n  font-size: 16px;\n  line-height: 1.5;\n}\n\n\/* Styles sp\u00e9cifiques pour les vues mobiles et tablettes, appliqu\u00e9s uniquement au bloc JEUNES *\/\n@media (max-width: 1024px) {\n  .jeunes-container {\n    flex-direction: column; \/* Affiche le texte au-dessus de l'image *\/\n    align-items: center;\n    text-align: center;\n  }\n\n  .jeunes-text {\n    order: 1; \/* Passe le texte au-dessus de l'image sur tablette et mobile *\/\n    margin-bottom: 20px;\n    text-align: center; \/* Centre le texte horizontalement *\/\n  }\n\n  .jeunes-photo {\n    order: 2; \/* Passe l'image en dessous du texte sur tablette et mobile *\/\n  }\n\n  .jeunes-photo img {\n    max-width: 100%; \/* R\u00e9duire la taille de l'image sur mobile *\/\n  }\n}\n<\/style>\n","protected":false},"excerpt":{"rendered":"<p>EQUIPE D1 Apr\u00e8s une saison 2024-2025 remarquable en D2 et en terminant \u00e0 la 1\u00e8re place du classement, notre \u00e9quipe [&hellip;]<\/p>\n","protected":false},"author":1,"featured_media":0,"parent":0,"menu_order":0,"comment_status":"closed","ping_status":"closed","template":"","meta":{"site-sidebar-layout":"default","site-content-layout":"","ast-site-content-layout":"default","site-content-style":"default","site-sidebar-style":"default","ast-global-header-display":"","ast-banner-title-visibility":"","ast-main-header-display":"","ast-hfb-above-header-display":"","ast-hfb-below-header-display":"","ast-hfb-mobile-header-display":"","site-post-title":"","ast-breadcrumbs-content":"","ast-featured-img":"","footer-sml-layout":"","theme-transparent-header-meta":"","adv-header-id-meta":"","stick-header-meta":"","header-above-stick-meta":"","header-main-stick-meta":"","header-below-stick-meta":"","astra-migrate-meta-layouts":"default","ast-page-background-enabled":"default","ast-page-background-meta":{"desktop":{"background-color":"var(--ast-global-color-4)","background-image":"","background-repeat":"repeat","background-position":"center center","background-size":"auto","background-attachment":"scroll","background-type":"","background-media":"","overlay-type":"","overlay-color":"","overlay-opacity":"","overlay-gradient":""},"tablet":{"background-color":"","background-image":"","background-repeat":"repeat","background-position":"center center","background-size":"auto","background-attachment":"scroll","background-type":"","background-media":"","overlay-type":"","overlay-color":"","overlay-opacity":"","overlay-gradient":""},"mobile":{"background-color":"","background-image":"","background-repeat":"repeat","background-position":"center center","background-size":"auto","background-attachment":"scroll","background-type":"","background-media":"","overlay-type":"","overlay-color":"","overlay-opacity":"","overlay-gradient":""}},"ast-content-background-meta":{"desktop":{"background-color":"var(--ast-global-color-5)","background-image":"","background-repeat":"repeat","background-position":"center center","background-size":"auto","background-attachment":"scroll","background-type":"","background-media":"","overlay-type":"","overlay-color":"","overlay-opacity":"","overlay-gradient":""},"tablet":{"background-color":"var(--ast-global-color-5)","background-image":"","background-repeat":"repeat","background-position":"center center","background-size":"auto","background-attachment":"scroll","background-type":"","background-media":"","overlay-type":"","overlay-color":"","overlay-opacity":"","overlay-gradient":""},"mobile":{"background-color":"var(--ast-global-color-5)","background-image":"","background-repeat":"repeat","background-position":"center center","background-size":"auto","background-attachment":"scroll","background-type":"","background-media":"","overlay-type":"","overlay-color":"","overlay-opacity":"","overlay-gradient":""}},"footnotes":""},"class_list":["post-80","page","type-page","status-publish","hentry"],"_links":{"self":[{"href":"https:\/\/bcgm34.fr\/index.php\/wp-json\/wp\/v2\/pages\/80","targetHints":{"allow":["GET"]}}],"collection":[{"href":"https:\/\/bcgm34.fr\/index.php\/wp-json\/wp\/v2\/pages"}],"about":[{"href":"https:\/\/bcgm34.fr\/index.php\/wp-json\/wp\/v2\/types\/page"}],"author":[{"embeddable":true,"href":"https:\/\/bcgm34.fr\/index.php\/wp-json\/wp\/v2\/users\/1"}],"replies":[{"embeddable":true,"href":"https:\/\/bcgm34.fr\/index.php\/wp-json\/wp\/v2\/comments?post=80"}],"version-history":[{"count":63,"href":"https:\/\/bcgm34.fr\/index.php\/wp-json\/wp\/v2\/pages\/80\/revisions"}],"predecessor-version":[{"id":850,"href":"https:\/\/bcgm34.fr\/index.php\/wp-json\/wp\/v2\/pages\/80\/revisions\/850"}],"wp:attachment":[{"href":"https:\/\/bcgm34.fr\/index.php\/wp-json\/wp\/v2\/media?parent=80"}],"curies":[{"name":"wp","href":"https:\/\/api.w.org\/{rel}","templated":true}]}}